{"id":2566,"date":"2022-08-17T20:50:13","date_gmt":"2022-08-17T18:50:13","guid":{"rendered":"https:\/\/magic-investigations.com\/?page_id=2566"},"modified":"2023-09-12T09:45:53","modified_gmt":"2023-09-12T07:45:53","slug":"outputs","status":"publish","type":"page","link":"https:\/\/magic-investigations.com\/de\/outputs\/","title":{"rendered":"Output"},"content":{"rendered":"<h2 class=\"wp-block-heading\" style=\"font-style:normal;font-weight:200\">Output<\/h2>\n\n\n\n<p style=\"font-size:30px\"><strong>Co-Founding<\/strong><\/p>\n\n\n\n<ul class=\"is-style-tw-arrow wp-block-list\">\n<li><strong>Co-founding and growing Mobisol from a team of 5 German engineers in a co-working space to a company with 1000+ employees selling hundreds of thousands of PV solar systems in Tanzania, Rwanda and Kenya. And then (almost) going bankrupt again. <\/strong><a rel=\"noreferrer noopener\" href=\"https:\/\/nextbillion.net\/rural-solar-energy-enterprise-mobisol\/\" target=\"_blank\">Mobisol&#8217;s Hard-learned lessons<\/a><strong> <\/strong>2011-2018<\/li>\n\n\n\n<li><strong>Co-creating UNLOCK, Wikimedia Deutschland&#8217;s accelerator program  <a rel=\"noreferrer noopener\" href=\"https:\/\/www.linkedin.com\/feed\/update\/urn:li:activity:6663542517016862721\/\" target=\"_blank\">What makes UNLOCK unique<\/a> <\/strong>2019-2021<\/li>\n\n\n\n<li><strong>Co-founding <a rel=\"noreferrer noopener\" href=\"https:\/\/lovolab.com\" target=\"_blank\">Lovolab<\/a>, a collective of likeminded researchers, managers\u00a0and designers working on projects for a more equal and\u00a0sustainable future.<\/strong> 2021 &#8211; today<\/li>\n<\/ul>\n\n\n\n<p style=\"font-size:30px\"><strong>Consulting + Coaching<\/strong><\/p>\n\n\n\n<ul class=\"is-style-tw-arrow wp-block-list\">\n<li><strong>Project coach for Femtec&#8217;s 4-month careerbuilding program <a href=\"https:\/\/www.femtec.org\/en\/programmes\/career-building-programme\/trainers-and-coaches\/\">Innovation Lab<\/a> <\/strong>2020 &#8211; today<\/li>\n\n\n\n<li><strong>Start-up Coach Helmholtz<\/strong> <a rel=\"noreferrer noopener\" href=\"https:\/\/www.helmholtz.de\/transfer\/innovations-und-foerderprogramme\/helmholtz-enterprise\/\" target=\"_blank\">Field Study Fellowships<\/a> <strong>with Crop Insurance, VSF Loop &amp; Scinergy<\/strong> 2021 &#8211; today<\/li>\n\n\n\n<li><strong>Advisor on remote cocreation <a rel=\"noreferrer noopener\" href=\"https:\/\/buendnis-freie-bildung.de\/2020\/10\/14\/bundespolitik-ist-sich-einig-es-braucht-mehr-open-education\/\" target=\"_blank\">Forum Open Education<\/a> <\/strong>2020-2021<\/li>\n\n\n\n<li><strong>Instructor for the topics Uncovering bias and Ethical Ideation for <a rel=\"noreferrer noopener\" href=\"https:\/\/www.linkedin.com\/feed\/update\/urn:li:activity:6862345129231974400\/\" target=\"_blank\">unlock cohort<\/a> und <a rel=\"noreferrer noopener\" href=\"https:\/\/kisd.de\" target=\"_blank\">K\u00f6ln International School of Design<\/a> <\/strong>2021<\/li>\n<\/ul>\n\n\n\n<p><\/p>\n\n\n\n<ul class=\"is-style-tw-no-bullet wp-block-list\">\n<li>Facilitator of our <a rel=\"noreferrer noopener\" href=\"https:\/\/coda.io\/@klara-lindner\/discover-complexity-workshop\" target=\"_blank\">discover-complexity workshop format<\/a> with a team of <a href=\"http:\/\/space10.com\/\">SPACE 10<\/a> 2021<\/li>\n\n\n\n<li>Designer and Facilitator of a 6-week Design Sprint titled &#8220;Diversity im Unternehmen&#8221; <a rel=\"noreferrer noopener\" href=\"https:\/\/www.gsub.de\/en\/\" target=\"_blank\">gsub<\/a> 2021<\/li>\n\n\n\n<li>Lead coach for the 3-week summer school climate-KIC The Journey<\/li>\n\n\n\n<li><span style=\"color: var(--wp--preset--color--custom-farbe-1); font-family: var(--wp--preset--font-family--system-font); font-size: var(--wp--preset--font-size--medium); background-color: var(--wp--preset--color--custom-color-7);\">Coach p<\/span><span style=\"color: var(--wp--preset--color--custom-farbe-1); font-family: var(--wp--preset--font-family--system-font); font-size: var(--wp--preset--font-size--medium); background-color: var(--wp--preset--color--custom-color-7);\">roject strategy &amp; team development with <\/span><a rel=\"noreferrer noopener\" style=\"font-family: var(--wp--preset--font-family--system-font); font-size: var(--wp--preset--font-size--medium);\" href=\"https:\/\/www.wikimedia.de\/unlock\/unlock-blog\/more-of-a-marathon-than-a-sprint\/\" target=\"_blank\">Follow the Vote<\/a><span style=\"color: var(--wp--preset--color--custom-farbe-1); font-family: var(--wp--preset--font-family--system-font); font-size: var(--wp--preset--font-size--medium); background-color: var(--wp--preset--color--custom-color-7);\"> 2021<\/span><\/li>\n\n\n\n<li>Trained coordinators of the EU program <a href=\"https:\/\/eip-agri.brandenburg.de\/eip-agri\/de\/\">EIP-Agri<\/a> how to run effective team retrospectives 2022<\/li>\n\n\n\n<li>Facilitator of yearly strategy conventions at <a rel=\"noreferrer noopener\" href=\"https:\/\/buendnis-freie-bildung.de\/\" target=\"_blank\">B\u00fcndnis Freie Bildung<\/a>, <a rel=\"noreferrer noopener\" href=\"https:\/\/www.conpolicy.de\/\" target=\"_blank\">Conpolicy<\/a> und <a rel=\"noreferrer noopener\" href=\"https:\/\/www.gsub.de\/en\/\" target=\"_blank\">gsub<\/a>.<\/li>\n\n\n\n<li>Design Thinking coach at <a rel=\"noreferrer noopener\" href=\"https:\/\/hpi-academy.de\/en\/\" target=\"_blank\">HPI Academy<\/a> for numerous executive workshops 2012-2022<\/li>\n\n\n\n<li><span style=\"color: var(--wp--preset--color--custom-farbe-1); font-family: var(--wp--preset--font-family--system-font); font-size: var(--wp--preset--font-size--medium); background-color: var(--wp--preset--color--custom-color-7);\">Moderation Ideenkonferenz der TU Berlin Dialog-Platform 2018<\/span> &amp; 2020<\/li>\n\n\n\n<li>Advisor open-source-based product-service bundles and business models <a rel=\"noreferrer noopener\" href=\"https:\/\/opin.me\/de\/\" target=\"_blank\">opin.me<\/a> 2017<\/li>\n\n\n\n<li>Advisor fair &amp; sustainable business models in the art sector <a rel=\"noreferrer noopener\" href=\"https:\/\/www.flaneur-magazine.com\" target=\"_blank\">flaneur magazine<\/a> 2017<\/li>\n\n\n\n<li>Instructor Using Design Thinking to uncover a problem that is worth solving<em> <\/em><a rel=\"noreferrer noopener\" href=\"https:\/\/www.youleadsummit.org\" target=\"_blank\">YouLead Summit<\/a> 2017<\/li>\n\n\n\n<li><em>Plus a few hidden behind non-disclosure agreements<\/em><\/li>\n<\/ul>\n\n\n\n<p><\/p>\n\n\n\n<p style=\"font-size:30px\"><strong>Texte<\/strong><\/p>\n\n\n\n<ul class=\"is-style-tw-arrow wp-block-list\">\n<li><strong>Book chapter on <em>how to use prototyping and reframing in service design<\/em> <a rel=\"noreferrer noopener\" href=\"https:\/\/www.thisisservicedesigndoing.com\" target=\"_blank\">This is service design doing<\/a> <\/strong>2018<\/li>\n\n\n\n<li><strong>Book chapter on <em>how we used lean &amp; agile approaches to develop Mobisol&#8217;s business model<\/em> for <a rel=\"noreferrer noopener\" href=\"http:\/\/&quot;Decentralized Energy - a global game changer&quot;\" target=\"_blank\">Decentralized Energy &#8211; a global game changer<\/a> <\/strong>2020<\/li>\n\n\n\n<li><strong>Article about <em>three tactics to help root service design in an engineering-driven organisation<\/em> <a href=\"https:\/\/www.service-design-network.org\/touchpoint\/touchpoint-7-3-selling-service-design\/from-kilowatt-hours-to-customer-experience\">Touchpoint Journal<\/a> <\/strong>2015<\/li>\n<\/ul>\n\n\n\n<p><\/p>\n\n\n\n<ul class=\"is-style-tw-no-bullet wp-block-list\">\n<li>Artikel <em>mit konkreten Hinweisen um das Beste aus virtuellen Meetings herauszuholen<\/em> <a rel=\"noreferrer noopener\" href=\"https:\/\/www.selbstlernen.net\/online-workshop-gestalten\/\" target=\"_blank\">bpb<\/a> 2021<\/li>\n\n\n\n<li>Article on <em>how to make virtual meetings more engaging<\/em> for <a rel=\"noreferrer noopener\" href=\"https:\/\/www.wikimedia.de\/unlock\/unlock-blog\/do-the-diamond-dance\/\" target=\"_blank\">UNLOCK<\/a> 2021<\/li>\n\n\n\n<li><span style=\"color: var(--wp--preset--color--custom-farbe-1); font-family: var(--wp--preset--font-family--system-font); font-size: var(--wp--preset--font-size--medium); background-color: var(--wp--preset--color--custom-color-7);\">Visual poesy for <\/span><a rel=\"noreferrer noopener\" style=\"font-family: var(--wp--preset--font-family--system-font); font-size: var(--wp--preset--font-size--medium);\" href=\"https:\/\/crapisgood.com\/romka-magazine-9\/\" target=\"_blank\">romka magazine<\/a><span style=\"color: var(--wp--preset--color--custom-farbe-1); font-family: var(--wp--preset--font-family--system-font); font-size: var(--wp--preset--font-size--medium); background-color: var(--wp--preset--color--custom-color-7);\"> 2015<\/span><\/li>\n\n\n\n<li><span style=\"color: var(--wp--preset--color--custom-farbe-1); font-family: var(--wp--preset--font-family--system-font); font-size: var(--wp--preset--font-size--medium); background-color: var(--wp--preset--color--custom-color-7);\">Research article on <\/span><em style=\"color: var(--wp--preset--color--custom-farbe-1); font-family: var(--wp--preset--font-family--system-font); font-size: var(--wp--preset--font-size--medium);\">how to design for multilingual user groups<\/em><span style=\"color: var(--wp--preset--color--custom-farbe-1); font-family: var(--wp--preset--font-family--system-font); font-size: var(--wp--preset--font-size--medium); background-color: var(--wp--preset--color--custom-color-7);\"> <\/span><a rel=\"noreferrer noopener\" style=\"font-family: var(--wp--preset--font-family--system-font); font-size: var(--wp--preset--font-size--medium);\" href=\"http:\/\/how to design for multilingual user groups.\" target=\"_blank\">Human Factors in Computing Systems<\/a><span style=\"color: var(--wp--preset--color--custom-farbe-1); font-family: var(--wp--preset--font-family--system-font); font-size: var(--wp--preset--font-size--medium); background-color: var(--wp--preset--color--custom-color-7);\"> 2014<\/span><\/li>\n\n\n\n<li>Research article on <em>issues of microfinance in the off-grid energy sector<\/em> <a rel=\"noreferrer noopener\" href=\"https:\/\/www.are.na\/block\/15865178\" target=\"_blank\">UMM Thematic Paper<\/a> 2013<\/li>\n\n\n\n<li>Academic paper summarizing <em>my field research on bad-quality solar installations in Tanzania<\/em> <a rel=\"noreferrer noopener\" href=\"https:\/\/www.are.na\/block\/15865106\" target=\"_blank\">MPDES Conference<\/a> 2011<\/li>\n<\/ul>\n\n\n\n<p style=\"font-size:30px\"><strong>Vortr\u00e4ge<\/strong><\/p>\n\n\n\n<ul class=\"is-style-tw-arrow wp-block-list\">\n<li><strong><em>How we used service design at Mobisol<\/em> <a rel=\"noreferrer noopener\" href=\"https:\/\/www.youtube.com\/watch?v=ky7KXGLuCFQ\" target=\"_blank\">Service Experience Camp<\/a> <\/strong>2015<\/li>\n\n\n\n<li><strong><em>Mindful and ethical product design in the context of Global South<\/em> <\/strong><a rel=\"noreferrer noopener\" href=\"http:\/\/discover-complexity.com\" target=\"_blank\">Discover Complexity<\/a> 2021 <\/li>\n<\/ul>\n\n\n\n<ul class=\"is-style-tw-no-bullet wp-block-list\">\n<li><em style=\"color: var(--wp--preset--color--custom-farbe-1); font-family: var(--wp--preset--font-family--system-font); font-size: var(--wp--preset--font-size--medium);\">Why and how to become an entrepreneur in science<\/em><span style=\"color: var(--wp--preset--color--custom-farbe-1); font-family: var(--wp--preset--font-family--system-font); font-size: var(--wp--preset--font-size--medium); background-color: var(--wp--preset--color--custom-color-7);\"> for <\/span><a rel=\"noreferrer noopener\" style=\"font-family: var(--wp--preset--font-family--system-font); font-size: var(--wp--preset--font-size--medium);\" href=\"https:\/\/www.helmholtz-hida.de\/en\/events\/helmholtz-entrepreneurs\/\" target=\"_blank\">Helmholtz AI<\/a><span style=\"color: var(--wp--preset--color--custom-farbe-1); font-family: var(--wp--preset--font-family--system-font); font-size: var(--wp--preset--font-size--medium); background-color: var(--wp--preset--color--custom-color-7);\"> 2022<\/span><\/li>\n\n\n\n<li><em>The difference between agency-driven and in-house service design<\/em> <a rel=\"noreferrer noopener\" href=\"https:\/\/www.slideshare.net\/KlaraLindner\/service-design-inhouse-whats-the-difference\" target=\"_blank\">Designing the Organisation<\/a> 2019 <\/li>\n<\/ul>\n\n\n\n<p style=\"font-size:30px\"><strong>Interviews<\/strong><\/p>\n\n\n\n<ul class=\"is-style-tw-arrow wp-block-list\">\n<li><strong><span style=\"color: var(--wp--preset--color--custom-farbe-1); font-family: var(--wp--preset--font-family--system-font); font-size: var(--wp--preset--font-size--medium); background-color: var(--wp--preset--color--custom-color-7);\">\u00dcber <\/span><em style=\"color: var(--wp--preset--color--custom-farbe-1); font-family: var(--wp--preset--font-family--system-font); font-size: var(--wp--preset--font-size--medium);\">the interplay of service design and business strategy<\/em><span style=\"color: var(--wp--preset--color--custom-farbe-1); font-family: var(--wp--preset--font-family--system-font); font-size: var(--wp--preset--font-size--medium); background-color: var(--wp--preset--color--custom-color-7);\"> for <\/span><a rel=\"noreferrer noopener\" style=\"font-family: var(--wp--preset--font-family--system-font); font-size: var(--wp--preset--font-size--medium);\" href=\"https:\/\/www.are.na\/block\/16252493\" target=\"_blank\">The Future of Service Design<\/a><span style=\"color: var(--wp--preset--color--custom-farbe-1); font-family: var(--wp--preset--font-family--system-font); font-size: var(--wp--preset--font-size--medium); background-color: var(--wp--preset--color--custom-color-7);\"> 2020<\/span><\/strong><\/li>\n\n\n\n<li><strong>\u00dcber <em>threats and opportunities of entrepreneurship and decentralized approaches in the energy sector<\/em> for the <a rel=\"noreferrer noopener\" href=\"https:\/\/esmt.berlin\/podcast\/campus-10178-episode-7-decentralized-energy\" target=\"_blank\">ESMT podcast Campus 10178<\/a> 2020<\/strong><\/li>\n\n\n\n<li><strong>\u00dcber <em>Mobisols Gesch\u00e4ftsmodell und warum Probleme nicht immer mit Technologie gel\u00f6st werden sollte<\/em>n f\u00fcr <a rel=\"noreferrer noopener\" href=\"https:\/\/www.germanwatch.org\/de\/15504\" target=\"_blank\">Germanwatch<\/a> 2018<\/strong><\/li>\n\n\n\n<li><strong>\u00dcber <em>the adoption of service design in the Global South<\/em> for <a rel=\"noreferrer noopener\" href=\"https:\/\/www.service-design-network.org\/community-knowledge\/5by5-service-design-in-the-global-south\" target=\"_blank\">5by5<\/a> 2017<\/strong><\/li>\n<\/ul>\n\n\n\n<ul class=\"is-style-tw-no-bullet wp-block-list\">\n<li>\u00dcber <em>die erste Zeit des Gr\u00fcndens<\/em> f\u00fcr <a href=\"https:\/\/www.linkedin.com\/feed\/update\/urn:li:ugcPost:6947474963419283456\">LaunchX<\/a> 2022<\/li>\n\n\n\n<li><span style=\"color: var(--wp--preset--color--custom-farbe-1); font-family: var(--wp--preset--font-family--system-font); font-size: var(--wp--preset--font-size--medium); background-color: var(--wp--preset--color--custom-color-7);\">\u00dcber <em>die Relevanz von Diversity im Design Thinking<\/em> f\u00fcr <\/span><a rel=\"noreferrer noopener\" style=\"font-family: var(--wp--preset--font-family--system-font); font-size: var(--wp--preset--font-size--medium);\" href=\"https:\/\/www.volkswagenag.com\/de\/news\/refugee-aid\/2017\/110\/visionaerer-studierenden-workshop---integration-im-wedding.html#\" target=\"_blank\">Volkswagen<\/a><span style=\"color: var(--wp--preset--color--custom-farbe-1); font-family: var(--wp--preset--font-family--system-font); font-size: var(--wp--preset--font-size--medium); background-color: var(--wp--preset--color--custom-color-7);\"> 2017<\/span><\/li>\n\n\n\n<li>\u00dcber <em>Mobisol&#8217;s Design Thinking genesis<\/em> for <a rel=\"noreferrer noopener\" href=\"https:\/\/thisisdesignthinking.net\/2016\/05\/reinventing-solar-energy-supply-for-rural-africa\/\" target=\"_blank\">This is Design Thinking<\/a> 2015<\/li>\n<\/ul>","protected":false},"excerpt":{"rendered":"<p>Outputs Co-Founding Consulting + Coaching Writing Talks Interviews<\/p>","protected":false},"author":1,"featured_media":0,"parent":0,"menu_order":0,"comment_status":"closed","ping_status":"closed","template":"wp-custom-template-magic-homepage-template","meta":{"_eb_attr":"","footnotes":""},"class_list":["post-2566","page","type-page","status-publish","hentry"],"_links":{"self":[{"href":"https:\/\/magic-investigations.com\/de\/wp-json\/wp\/v2\/pages\/2566","targetHints":{"allow":["GET"]}}],"collection":[{"href":"https:\/\/magic-investigations.com\/de\/wp-json\/wp\/v2\/pages"}],"about":[{"href":"https:\/\/magic-investigations.com\/de\/wp-json\/wp\/v2\/types\/page"}],"author":[{"embeddable":true,"href":"https:\/\/magic-investigations.com\/de\/wp-json\/wp\/v2\/users\/1"}],"replies":[{"embeddable":true,"href":"https:\/\/magic-investigations.com\/de\/wp-json\/wp\/v2\/comments?post=2566"}],"version-history":[{"count":21,"href":"https:\/\/magic-investigations.com\/de\/wp-json\/wp\/v2\/pages\/2566\/revisions"}],"predecessor-version":[{"id":2662,"href":"https:\/\/magic-investigations.com\/de\/wp-json\/wp\/v2\/pages\/2566\/revisions\/2662"}],"wp:attachment":[{"href":"https:\/\/magic-investigations.com\/de\/wp-json\/wp\/v2\/media?parent=2566"}],"curies":[{"name":"wp","href":"https:\/\/api.w.org\/{rel}","templated":true}]}}